{"id":18,"date":"2017-06-10T08:25:52","date_gmt":"2017-06-10T08:25:52","guid":{"rendered":"http:\/\/xtratheme.com\/business\/?page_id=10"},"modified":"2022-06-22T16:29:07","modified_gmt":"2022-06-22T23:29:07","slug":"contact","status":"publish","type":"page","link":"https:\/\/pcimexico.com\/1\/contact\/","title":{"rendered":"Contacto"},"content":{"rendered":"<div class=\"wpb-content-wrapper\"><p>[vc_row][vc_column]<div class=\"cz_gap clr  hide_on_tablet hide_on_mobile\" style=\"height: 400px\"><\/div><div class=\"cz_gap show_on_tablet clr  show_only_tablet\" style=\"height: 50px\"><\/div><div class=\"cz_gap show_on_mobile clr\" style=\"height: 20px\"><\/div>[\/vc_column][\/vc_row][vc_row][vc_column width=\u00bb1\/2&#8243;]<div id=\"cz_69413\" class=\"cz_69413 cz_title clr cz_smart_fs cz_mobile_text_center cz_title_pos_inline\"><div class=\"cz_title_shape shape_text cz_shape_1\">CONTACTO<\/div><div class=\"cz_title_content\"><div class=\"cz_wpe_content\"><h3><span style=\"color: #f35b39;\"><span style=\"font-size: 24px; font-weight: 400;\">PONTE EN CONTATCO CON PCI MEXICO<\/span><\/span><\/h3>\n<\/div><\/div><\/div><div id=\"cz_60418\" class=\"cz_60418 cz_title clr cz_smart_fs cz_mobile_text_center cz_title_pos_inline\"><div class=\"cz_title_content\"><div class=\"cz_wpe_content\"><h3><span style=\"font-size: 50px;\">Cont\u00e1ctanos ahora<\/span><\/h3>\n<\/div><\/div><\/div><div class=\"cz_gap clr \" style=\"height: 30px\"><\/div><div id=\"cz_41939\" class=\"cz_41939 cz_title clr cz_smart_fs cz_mobile_text_center cz_title_pos_inline\"><div class=\"cz_title_content\"><div class=\"cz_wpe_content\"><p><span style=\"font-size: 18px; color: #666666;\">Estamos siempre listos para aclarar cualquier duda te tengas con respecto a nuestra empresa o de nuestros servicios y productos, un agente te atender\u00e1 de inmediato, conf\u00eda en PCI M\u00e9xico<\/span><\/p>\n<\/div><\/div><\/div><div class=\"cz_gap clr \" style=\"height: 50px\"><\/div><ul id=\"cz_58615\" class=\"cz_58615 cz_stylish_list clr cz_sl_icon_hover_zoom_in\"><li class=\"clr\"><a href=\"tel:0018182345678\"><div class=\"cz_sl_icon\"><i class=\"fa czico-123-call mr10\"><\/i><\/div><div><span>614 443 1025<\/span><\/div><\/a><\/li><li class=\"clr\"><a href=\"mailto:support@construction.com\"><div class=\"cz_sl_icon\"><i class=\"fa czico-092-mail mr10\"><\/i><\/div><div><span>ventas@pcimexico.com<\/span><\/div><\/a><\/li><li class=\"clr\"><a href=\"https:\/\/g.page\/PCIMexico?share\"><div class=\"cz_sl_icon\"><i class=\"fa czico-082-maps-and-flags mr10\"><\/i><\/div><div><span>Av. Am\u00e9ricas 1605 Col Panamericana<\/span><\/div><\/a><\/li><li class=\"clr\"><div class=\"cz_sl_icon\"><i class=\"fab fa-whatsapp-square mr10\"><\/i><\/div><div><span>+52. 614457 5255<\/span><\/div><\/li><\/ul><div class=\"cz_gap clr \" style=\"height: 50px\"><\/div><div class=\"cz_gap show_on_tablet clr  show_only_tablet\" style=\"height: 75px\"><\/div><div class=\"cz_gap show_on_mobile clr\" style=\"height: 0px\"><\/div>[\/vc_column][vc_column width=\u00bb1\/2&#8243;]<div class=\"cz_eqh cz_content_box_parent_fx  \"><div id=\"cz_74290\" class=\"cz_74290 cz_content_box clr\"><div class=\"cz_box_front clr\"><div class=\"cz_box_front_inner clr \"><span><\/span><div><div id=\"cz_69949\" class=\"cz_69949 cz_cf7 clr\"><div>\n<div class=\"wpcf7 no-js\" id=\"wpcf7-f1659-o1\" lang=\"es-ES\" dir=\"ltr\" data-wpcf7-id=\"1659\">\n<div class=\"screen-reader-response\"><p role=\"status\" aria-live=\"polite\" aria-atomic=\"true\"><\/p> <ul><\/ul><\/div>\n<form action=\"\/1\/wp-json\/wp\/v2\/pages\/18#wpcf7-f1659-o1\" method=\"post\" class=\"wpcf7-form init\" aria-label=\"Formulario de contacto\" novalidate=\"novalidate\" data-status=\"init\">\n<fieldset class=\"hidden-fields-container\"><input type=\"hidden\" name=\"_wpcf7\" value=\"1659\" \/><input type=\"hidden\" name=\"_wpcf7_version\" value=\"6.1.5\" \/><input type=\"hidden\" name=\"_wpcf7_locale\" value=\"es_ES\" \/><input type=\"hidden\" name=\"_wpcf7_unit_tag\" value=\"wpcf7-f1659-o1\" \/><input type=\"hidden\" name=\"_wpcf7_container_post\" value=\"0\" \/><input type=\"hidden\" name=\"_wpcf7_posted_data_hash\" value=\"\" \/>\n<\/fieldset>\n<p><label> Tu nombre<br \/>\n<span class=\"wpcf7-form-control-wrap\" data-name=\"your-name\"><input size=\"40\" maxlength=\"400\" class=\"wpcf7-form-control wpcf7-text wpcf7-validates-as-required\" aria-required=\"true\" aria-invalid=\"false\" value=\"\" type=\"text\" name=\"your-name\" \/><\/span> <\/label>\n<\/p>\n<p><label> Tel\u00e9fono<br \/>\n<span class=\"wpcf7-form-control-wrap\" data-name=\"Tel\"><input size=\"40\" maxlength=\"400\" class=\"wpcf7-form-control wpcf7-tel wpcf7-validates-as-required wpcf7-text wpcf7-validates-as-tel\" aria-required=\"true\" aria-invalid=\"false\" value=\"\" type=\"tel\" name=\"Tel\" \/><\/span> <\/label>\n<\/p>\n<p><label> Tu correo electr\u00f3nico<br \/>\n<span class=\"wpcf7-form-control-wrap\" data-name=\"your-email\"><input size=\"40\" maxlength=\"400\" class=\"wpcf7-form-control wpcf7-email wpcf7-validates-as-required wpcf7-text wpcf7-validates-as-email\" aria-required=\"true\" aria-invalid=\"false\" value=\"\" type=\"email\" name=\"your-email\" \/><\/span> <\/label>\n<\/p>\n<p><label> Asunto<br \/>\n<span class=\"wpcf7-form-control-wrap\" data-name=\"your-subject\"><input size=\"40\" maxlength=\"400\" class=\"wpcf7-form-control wpcf7-text wpcf7-validates-as-required\" aria-required=\"true\" aria-invalid=\"false\" value=\"\" type=\"text\" name=\"your-subject\" \/><\/span> <\/label>\n<\/p>\n<p><label> Departamento<br \/>\n<span class=\"wpcf7-form-control-wrap\" data-name=\"menu-842\"><select class=\"wpcf7-form-control wpcf7-select wpcf7-validates-as-required\" aria-required=\"true\" aria-invalid=\"false\" name=\"menu-842\"><option value=\"Construcci\u00f3n\">Construcci\u00f3n<\/option><option value=\"Inmobiliaria\">Inmobiliaria<\/option><option value=\"Contenedores\">Contenedores<\/option><\/select><\/span> <\/label>\n<\/p>\n<p><label> Tu mensaje (opcional)<br \/>\n<span class=\"wpcf7-form-control-wrap\" data-name=\"your-message\"><textarea cols=\"40\" rows=\"10\" maxlength=\"2000\" class=\"wpcf7-form-control wpcf7-textarea\" aria-invalid=\"false\" name=\"your-message\"><\/textarea><\/span> <\/label>\n<\/p>\n<p><input class=\"wpcf7-form-control wpcf7-submit has-spinner\" type=\"submit\" value=\"Enviar\" \/>\n<\/p><p style=\"display: none !important;\" class=\"akismet-fields-container\" data-prefix=\"_wpcf7_ak_\"><label>&#916;<textarea name=\"_wpcf7_ak_hp_textarea\" cols=\"45\" rows=\"8\" maxlength=\"100\"><\/textarea><\/label><input type=\"hidden\" id=\"ak_js_1\" name=\"_wpcf7_ak_js\" value=\"201\"\/><script>\ndocument.getElementById( \"ak_js_1\" ).setAttribute( \"value\", ( new Date() ).getTime() );\n<\/script>\n<\/p><div class=\"wpcf7-response-output\" aria-hidden=\"true\"><\/div>\n<\/form>\n<\/div>\n<\/div><\/div><\/div><\/div><\/div><\/div><\/div>[\/vc_column][\/vc_row][vc_row full_width=\u00bbstretch_row_content_no_spaces\u00bb][vc_column][vc_gmaps link=\u00bb#E-8_JTNDaWZyYW1lJTIwc3JjJTNEJTIyaHR0cHMlM0ElMkYlMkZ3d3cuZ29vZ2xlLmNvbSUyRm1hcHMlMkZlbWJlZCUzRnBiJTNEJTIxMW0xNCUyMTFtOCUyMTFtMyUyMTFkMzUwMS4xNTQxNDEwMTMxMDglMjEyZC0xMDYuMTEyMzMyJTIxM2QyOC42NTUxMDMlMjEzbTIlMjExaTEwMjQlMjEyaTc2OCUyMTRmMTMuMSUyMTNtMyUyMTFtMiUyMTFzMHgwJTI1M0EweGI3ZTlhZDgxMjRhYWJiN2UlMjEyc1ByZXNlcnZhY2klMjVDMyUyNUIzbiUyNTIweSUyNTIwQ29uc3RydWNjaSUyNUMzJTI1QjNuJTI1MjBkZSUyNTIwSW5tdWVibGVzJTI1MjBTLiUyNTIwZGUlMjUyMFIuTC4lMjUyMGRlJTI1MjBDLlYuJTIxNWUwJTIxM20yJTIxMXNlcy00MTklMjEyc214JTIxNHYxNjQ3NzIzNjk2Njc5JTIxNW0yJTIxMXNlcy00MTklMjEyc214JTIyJTIwd2lkdGglM0QlMjI2MDAlMjIlMjBoZWlnaHQlM0QlMjI0NTAlMjIlMjBzdHlsZSUzRCUyMmJvcmRlciUzQTAlM0IlMjIlMjBhbGxvd2Z1bGxzY3JlZW4lM0QlMjIlMjIlMjBsb2FkaW5nJTNEJTIybGF6eSUyMiUzRSUzQyUyRmlmcmFtZSUzRQ==\u00bb]<div id=\"cz_104765\" class=\"cz_104765 cz_image clr cz_image_no_fx center_on_mobile\"><div class=\"\" ><div class=\"cz_image_in\"><div class=\"cz_main_image\"><img decoding=\"async\" width=\"1004\" height=\"192\" src=\"data:image\/svg+xml,%3Csvg%20xmlns%3D&#39;http%3A%2F%2Fwww.w3.org%2F2000%2Fsvg&#39;%20width=&#39;1004&#39;%20height=&#39;192&#39;%20viewBox%3D&#39;0%200%201004%20192&#39;%2F%3E\" data-czlz data-src=\"https:\/\/pcimexico.com\/1\/wp-content\/uploads\/2022\/06\/bandalogos.png\" class=\"attachment-full\" alt=\"\" title=\"bandalogos\" data-srcset=\"https:\/\/pcimexico.com\/1\/wp-content\/uploads\/2022\/06\/bandalogos.png 1004w, https:\/\/pcimexico.com\/1\/wp-content\/uploads\/2022\/06\/bandalogos-300x57.png 300w, https:\/\/pcimexico.com\/1\/wp-content\/uploads\/2022\/06\/bandalogos-768x147.png 768w, https:\/\/pcimexico.com\/1\/wp-content\/uploads\/2022\/06\/bandalogos-600x115.png 600w\" data-sizes=\"(max-width: 1004px) 100vw, 1004px\" \/><\/div><\/div><\/div><\/div>[\/vc_column][\/vc_row]<\/p>\n<\/div>","protected":false},"excerpt":{"rendered":"<p>[vc_row][vc_column][\/vc_column][\/vc_row][vc_row][vc_column width=\u00bb1\/2&#8243;][\/vc_column][vc_column width=\u00bb1\/2&#8243;][\/vc_column][\/vc_row][vc_row full_width=\u00bbstretch_row_content_no_spaces\u00bb][vc_column][vc_gmaps link=\u00bb#E-8_JTNDaWZyYW1lJTIwc3JjJTNEJTIyaHR0cHMlM0ElMkYlMkZ3d3cuZ29vZ2xlLmNvbSUyRm1hcHMlMkZlbWJlZCUzRnBiJTNEJTIxMW0xNCUyMTFtOCUyMTFtMyUyMTFkMzUwMS4xNTQxNDEwMTMxMDglMjEyZC0xMDYuMTEyMzMyJTIxM2QyOC42NTUxMDMlMjEzbTIlMjExaTEwMjQlMjEyaTc2OCUyMTRmMTMuMSUyMTNtMyUyMTFtMiUyMTFzMHgwJTI1M0EweGI3ZTlhZDgxMjRhYWJiN2UlMjEyc1ByZXNlcnZhY2klMjVDMyUyNUIzbiUyNTIweSUyNTIwQ29uc3RydWNjaSUyNUMzJTI1QjNuJTI1MjBkZSUyNTIwSW5tdWVibGVzJTI1MjBTLiUyNTIwZGUlMjUyMFIuTC4lMjUyMGRlJTI1MjBDLlYuJTIxNWUwJTIxM20yJTIxMXNlcy00MTklMjEyc214JTIxNHYxNjQ3NzIzNjk2Njc5JTIxNW0yJTIxMXNlcy00MTklMjEyc214JTIyJTIwd2lkdGglM0QlMjI2MDAlMjIlMjBoZWlnaHQlM0QlMjI0NTAlMjIlMjBzdHlsZSUzRCUyMmJvcmRlciUzQTAlM0IlMjIlMjBhbGxvd2Z1bGxzY3JlZW4lM0QlMjIlMjIlMjBsb2FkaW5nJTNEJTIybGF6eSUyMiUzRSUzQyUyRmlmcmFtZSUzRQ==\u00bb][\/vc_column][\/vc_row] &#8230; <\/p>\n","protected":false},"author":1,"featured_media":0,"parent":0,"menu_order":0,"comment_status":"closed","ping_status":"closed","template":"","meta":{"footnotes":""},"class_list":["post-18","page","type-page","status-publish","hentry"],"_links":{"self":[{"href":"https:\/\/pcimexico.com\/1\/wp-json\/wp\/v2\/pages\/18","targetHints":{"allow":["GET"]}}],"collection":[{"href":"https:\/\/pcimexico.com\/1\/wp-json\/wp\/v2\/pages"}],"about":[{"href":"https:\/\/pcimexico.com\/1\/wp-json\/wp\/v2\/types\/page"}],"author":[{"embeddable":true,"href":"https:\/\/pcimexico.com\/1\/wp-json\/wp\/v2\/users\/1"}],"replies":[{"embeddable":true,"href":"https:\/\/pcimexico.com\/1\/wp-json\/wp\/v2\/comments?post=18"}],"version-history":[{"count":11,"href":"https:\/\/pcimexico.com\/1\/wp-json\/wp\/v2\/pages\/18\/revisions"}],"predecessor-version":[{"id":1687,"href":"https:\/\/pcimexico.com\/1\/wp-json\/wp\/v2\/pages\/18\/revisions\/1687"}],"wp:attachment":[{"href":"https:\/\/pcimexico.com\/1\/wp-json\/wp\/v2\/media?parent=18"}],"curies":[{"name":"wp","href":"https:\/\/api.w.org\/{rel}","templated":true}]}}