{"id":1771,"date":"2022-06-23T08:56:52","date_gmt":"2022-06-23T15:56:52","guid":{"rendered":"https:\/\/pcimexico.com\/1\/?page_id=1771"},"modified":"2022-06-23T09:52:26","modified_gmt":"2022-06-23T16:52:26","slug":"mantenimiento","status":"publish","type":"page","link":"https:\/\/pcimexico.com\/1\/mantenimiento\/","title":{"rendered":"Mantenimiento"},"content":{"rendered":"<div class=\"wpb-content-wrapper\"><p>[vc_row][vc_column width=\u00bb1\/2&#8243;]<div id=\"cz_87819\" class=\"cz_87819 services clr style1 left\"><div class=\"service_custom\"><\/div><div class=\"service_text\"><h3>Mantenimiento<\/h3><div class=\"cz_wpe_content\">Es de suma prioridad cuidar el nivel de servicio y apariencia general de tu Empresa, y para ello se deben de realizar de forma peri\u00f3dica inspecciones y mantenimiento preventivo y correctivo que permita alargar la vida \u00fatil de sus instalaciones, brindando un \u00f3ptimo servicio a los clientes y a los propios empleados, todo el tiempo. Las inspecciones peri\u00f3dicas son altamente recomendables y para ello se necesita contar con una visi\u00f3n a largo plazo que ayude a organizar el mantenimiento con la suficiente antelaci\u00f3n. As\u00ed se garantizar\u00e1 su rentabilidad y la eficacia.<\/p>\n<hr \/>\n<p>Es primordial contratar los servicios de profesionales del mantenimiento que aseguren la excelencia y que cuenten con la experiencia profesional necesaria para la realizaci\u00f3n de estas labores. Las empresas que se decidan por implantar sistemas de mantenimiento, tendr\u00e1n m\u00e1s posibilidades de alcanzar una ventaja competitiva en su sector a medio plazo.<\/div><\/div><\/div>[\/vc_column][vc_column width=\u00bb1\/2&#8243;]<div id=\"cz_16768\" class=\"cz_16768 cz_image clr cz_image_no_fx\"><div class=\"\" ><div class=\"cz_image_in\"><div class=\"cz_main_image\"><img decoding=\"async\" class=\"\" src=\"data:image\/svg+xml,%3Csvg%20xmlns%3D&#39;http%3A%2F%2Fwww.w3.org%2F2000%2Fsvg&#39;%20width=&#39;500&#39;%20height=&#39;600&#39;%20viewBox%3D&#39;0%200%20500%20600&#39;%2F%3E\" data-czlz data-src=\"https:\/\/pcimexico.com\/1\/wp-content\/uploads\/2022\/06\/mttp_pci-500x600.jpg\" width=\"500\" height=\"600\" alt=\"mttp_pci\" title=\"mttp_pci\" loading=\"lazy\" \/><\/div><\/div><\/div><\/div>[\/vc_column][\/vc_row][vc_row][vc_column]<div class=\"cz_gap clr  hide_on_tablet hide_on_mobile\" style=\"height: 80px\"><\/div><div class=\"cz_gap show_on_tablet clr  show_only_tablet\" style=\"height: 30px\"><\/div><div class=\"cz_gap show_on_mobile clr\" style=\"height: 10px\"><\/div><div id=\"cz_102039\" class=\"cz_102039 cz_title clr cz_title_pos_inline\"><div class=\"cz_title_content\"><div class=\"cz_wpe_content\"><h3 class=\"mb-30\">Mantenimiento Preventivo + El Mejor Servicio<\/h3>\n<p>Evita tratar con varios y diferentes \u201cmaestros\u201d o talleres a la vez, algunos de dudosa funcionalidad y que en ocasiones desaparecen.\u00a0<strong>SERVICIO<\/strong>\u00a0Se reciben solicitudes o reportes las 24 hrs, los 365 d\u00edas, existe un\u00a0<strong>CALL CENTER<\/strong>\u00a0que asegura registrar todas las necesidades incluyendo emergencias.<\/p>\n<h3 class=\"mb-30\"><img decoding=\"async\" class=\"aligncenter wp-image-1777 size-large\" src=\"data:image\/svg+xml,%3Csvg%20xmlns%3D&#39;http%3A%2F%2Fwww.w3.org%2F2000%2Fsvg&#39;%20width=&#39;1024&#39;%20height=&#39;200&#39;%20viewBox%3D&#39;0%200%201024%20200&#39;%2F%3E\" data-czlz data-src=\"https:\/\/pcimexico.com\/1\/wp-content\/uploads\/2022\/06\/contact-1-1024x200.jpg\" alt=\"\" width=\"1024\" height=\"200\" data-srcset=\"https:\/\/pcimexico.com\/1\/wp-content\/uploads\/2022\/06\/contact-1-1024x200.jpg 1024w, https:\/\/pcimexico.com\/1\/wp-content\/uploads\/2022\/06\/contact-1-300x59.jpg 300w, https:\/\/pcimexico.com\/1\/wp-content\/uploads\/2022\/06\/contact-1-768x150.jpg 768w, https:\/\/pcimexico.com\/1\/wp-content\/uploads\/2022\/06\/contact-1-1536x300.jpg 1536w, https:\/\/pcimexico.com\/1\/wp-content\/uploads\/2022\/06\/contact-1-600x117.jpg 600w, https:\/\/pcimexico.com\/1\/wp-content\/uploads\/2022\/06\/contact-1.jpg 1920w\" data-sizes=\"(max-width: 1024px) 100vw, 1024px\" \/><\/h3>\n<p>&nbsp;<\/p>\n<p><strong>\u00bfPor qu\u00e9 contratar una p\u00f3liza de mantenimiento preventivo?<\/strong><\/p>\n<p>&nbsp;<\/p>\n<p><strong>VALOR<\/strong>\u00a0Mantener los inmuebles y los equipos en correcta operaci\u00f3n, logrando sacar el mayor aprovechamiento y\/o rentabilidad. Inmuebles y equipos sin mantenimiento reducen significativamente su vida \u00fatil lo que los vuelve caros.<\/p>\n<p><strong>CERTEZA<\/strong>\u00a0Ya que se conoce de antemano los alcances que se deben cubrir en cada servicio, de esta forma se puede si se quiere supervisar por parte del cliente los trabajos.<\/p>\n<p><strong>INFORMACION<\/strong>\u00a0Se genera un reporte mensual, que diagnostica el estado general del inmueble y\/o equipos, adem\u00e1s informa en el oportunamente posibles fallas evitando costosas reparaciones de emergencia.<\/p>\n<p><strong>TRANSPARENCIA<\/strong>\u00a0Se entrega despu\u00e9s de cada servicio una factura, en la cual se desglosan los conceptos. El servicio preventivo (mano de obra), as\u00ed como una relaci\u00f3n de materiales utilizados junto con el comprobante de su compra.<\/p>\n<p><strong>SEGURIDAD<\/strong>\u00a0Somos una empresa legalmente constituida, establecida en un domicilio con oficinas administrativas y de atenci\u00f3n a clientes, quien a trav\u00e9s de un contrato establece de com\u00fan acuerdo con el cliente derechos y obligaciones, que garantiza mano de obra calificada, t\u00e9cnicos especializados en las diferentes \u00e1reas, debidamente identificados y uniformados, que cuentan con seguro social y dem\u00e1s prestaciones de acuerdo a la ley.<\/p>\n<\/div><\/div><\/div><div class=\"cz_gap clr  hide_on_tablet hide_on_mobile\" style=\"height: 80px\"><\/div><div class=\"cz_gap show_on_tablet clr  show_only_tablet\" style=\"height: 40px\"><\/div><div class=\"cz_gap show_on_mobile clr\" style=\"height: 20px\"><\/div>[\/vc_column][\/vc_row][vc_row full_width=\u00bbstretch_row\u00bb css=\u00bb.vc_custom_1656002996317{background-color: #3f51b5 !important;background-position: center !important;background-repeat: no-repeat !important;background-size: cover !important;}\u00bb][vc_column width=\u00bb1\/2&#8243; css=\u00bb.vc_custom_1656003066303{background-color: #3f51b5 !important;background-position: center !important;background-repeat: no-repeat !important;background-size: cover !important;}\u00bb]<div class=\"cz_gap clr \" style=\"height: 50px\"><\/div><div id=\"cz_20863\" class=\"cz_20863 cz_image clr cz_image_no_fx\"><div class=\"\" ><div class=\"cz_image_in\"><div class=\"cz_main_image\"><img decoding=\"async\" width=\"738\" height=\"826\" src=\"data:image\/svg+xml,%3Csvg%20xmlns%3D&#39;http%3A%2F%2Fwww.w3.org%2F2000%2Fsvg&#39;%20width=&#39;738&#39;%20height=&#39;826&#39;%20viewBox%3D&#39;0%200%20738%20826&#39;%2F%3E\" data-czlz data-src=\"https:\/\/pcimexico.com\/1\/wp-content\/uploads\/2022\/06\/polizas_pci.jpg\" class=\"attachment-full\" alt=\"\" title=\"polizas_pci\" data-srcset=\"https:\/\/pcimexico.com\/1\/wp-content\/uploads\/2022\/06\/polizas_pci.jpg 738w, https:\/\/pcimexico.com\/1\/wp-content\/uploads\/2022\/06\/polizas_pci-268x300.jpg 268w, https:\/\/pcimexico.com\/1\/wp-content\/uploads\/2022\/06\/polizas_pci-600x672.jpg 600w\" data-sizes=\"(max-width: 738px) 100vw, 738px\" \/><\/div><\/div><\/div><\/div><div class=\"cz_gap clr \" style=\"height: 50px\"><\/div>[\/vc_column][vc_column width=\u00bb1\/2&#8243; css=\u00bb.vc_custom_1656001452249{background-color: #f35b39 !important;}\u00bb]<div class=\"cz_gap clr \" style=\"height: 30px\"><\/div><div id=\"cz_37820\" class=\"cz_37820 cz_title clr cz_title_pos_inline tac\"><div class=\"cz_title_content\"><div class=\"cz_wpe_content\"><h3 style=\"text-align: center;\"><span style=\"color: #ffffff;\">\u00bfNecesitas alg\u00fan servicio?<\/span><\/h3>\n<\/div><\/div><\/div><div class=\"cz_gap clr \" style=\"height: 30px\"><\/div><div id=\"cz_63594\" class=\"cz_63594 cz_cf7 clr\"><div>\n<div class=\"wpcf7 no-js\" id=\"wpcf7-f1659-o1\" lang=\"es-ES\" dir=\"ltr\" data-wpcf7-id=\"1659\">\n<div class=\"screen-reader-response\"><p role=\"status\" aria-live=\"polite\" aria-atomic=\"true\"><\/p> <ul><\/ul><\/div>\n<form action=\"\/1\/wp-json\/wp\/v2\/pages\/1771#wpcf7-f1659-o1\" method=\"post\" class=\"wpcf7-form init\" aria-label=\"Formulario de contacto\" novalidate=\"novalidate\" data-status=\"init\">\n<fieldset class=\"hidden-fields-container\"><input type=\"hidden\" name=\"_wpcf7\" value=\"1659\" \/><input type=\"hidden\" name=\"_wpcf7_version\" value=\"6.1.5\" \/><input type=\"hidden\" name=\"_wpcf7_locale\" value=\"es_ES\" \/><input type=\"hidden\" name=\"_wpcf7_unit_tag\" value=\"wpcf7-f1659-o1\" \/><input type=\"hidden\" name=\"_wpcf7_container_post\" value=\"0\" \/><input type=\"hidden\" name=\"_wpcf7_posted_data_hash\" value=\"\" \/>\n<\/fieldset>\n<p><label> Tu nombre<br \/>\n<span class=\"wpcf7-form-control-wrap\" data-name=\"your-name\"><input size=\"40\" maxlength=\"400\" class=\"wpcf7-form-control wpcf7-text wpcf7-validates-as-required\" aria-required=\"true\" aria-invalid=\"false\" value=\"\" type=\"text\" name=\"your-name\" \/><\/span> <\/label>\n<\/p>\n<p><label> Tel\u00e9fono<br \/>\n<span class=\"wpcf7-form-control-wrap\" data-name=\"Tel\"><input size=\"40\" maxlength=\"400\" class=\"wpcf7-form-control wpcf7-tel wpcf7-validates-as-required wpcf7-text wpcf7-validates-as-tel\" aria-required=\"true\" aria-invalid=\"false\" value=\"\" type=\"tel\" name=\"Tel\" \/><\/span> <\/label>\n<\/p>\n<p><label> Tu correo electr\u00f3nico<br \/>\n<span class=\"wpcf7-form-control-wrap\" data-name=\"your-email\"><input size=\"40\" maxlength=\"400\" class=\"wpcf7-form-control wpcf7-email wpcf7-validates-as-required wpcf7-text wpcf7-validates-as-email\" aria-required=\"true\" aria-invalid=\"false\" value=\"\" type=\"email\" name=\"your-email\" \/><\/span> <\/label>\n<\/p>\n<p><label> Asunto<br \/>\n<span class=\"wpcf7-form-control-wrap\" data-name=\"your-subject\"><input size=\"40\" maxlength=\"400\" class=\"wpcf7-form-control wpcf7-text wpcf7-validates-as-required\" aria-required=\"true\" aria-invalid=\"false\" value=\"\" type=\"text\" name=\"your-subject\" \/><\/span> <\/label>\n<\/p>\n<p><label> Departamento<br \/>\n<span class=\"wpcf7-form-control-wrap\" data-name=\"menu-842\"><select class=\"wpcf7-form-control wpcf7-select wpcf7-validates-as-required\" aria-required=\"true\" aria-invalid=\"false\" name=\"menu-842\"><option value=\"Construcci\u00f3n\">Construcci\u00f3n<\/option><option value=\"Inmobiliaria\">Inmobiliaria<\/option><option value=\"Contenedores\">Contenedores<\/option><\/select><\/span> <\/label>\n<\/p>\n<p><label> Tu mensaje (opcional)<br \/>\n<span class=\"wpcf7-form-control-wrap\" data-name=\"your-message\"><textarea cols=\"40\" rows=\"10\" maxlength=\"2000\" class=\"wpcf7-form-control wpcf7-textarea\" aria-invalid=\"false\" name=\"your-message\"><\/textarea><\/span> <\/label>\n<\/p>\n<p><input class=\"wpcf7-form-control wpcf7-submit has-spinner\" type=\"submit\" value=\"Enviar\" \/>\n<\/p><p style=\"display: none !important;\" class=\"akismet-fields-container\" data-prefix=\"_wpcf7_ak_\"><label>&#916;<textarea name=\"_wpcf7_ak_hp_textarea\" cols=\"45\" rows=\"8\" maxlength=\"100\"><\/textarea><\/label><input type=\"hidden\" id=\"ak_js_1\" name=\"_wpcf7_ak_js\" value=\"53\"\/><script>\ndocument.getElementById( \"ak_js_1\" ).setAttribute( \"value\", ( new Date() ).getTime() );\n<\/script>\n<\/p><div class=\"wpcf7-response-output\" aria-hidden=\"true\"><\/div>\n<\/form>\n<\/div>\n<\/div><\/div><div class=\"cz_gap clr \" style=\"height: 50px\"><\/div>[\/vc_column][\/vc_row]<\/p>\n<\/div>","protected":false},"excerpt":{"rendered":"<p>[vc_row][vc_column width=\u00bb1\/2&#8243;][\/vc_column][vc_column width=\u00bb1\/2&#8243;][\/vc_column][\/vc_row][vc_row][vc_column][\/vc_column][\/vc_row][vc_row full_width=\u00bbstretch_row\u00bb css=\u00bb.vc_custom_1656002996317{background-color: #3f51b5 !important;background-position: center !important;background-repeat: no-repeat !important;background-size: &#8230; <\/p>\n","protected":false},"author":1,"featured_media":0,"parent":0,"menu_order":0,"comment_status":"closed","ping_status":"closed","template":"","meta":{"footnotes":""},"class_list":["post-1771","page","type-page","status-publish","hentry"],"_links":{"self":[{"href":"https:\/\/pcimexico.com\/1\/wp-json\/wp\/v2\/pages\/1771","targetHints":{"allow":["GET"]}}],"collection":[{"href":"https:\/\/pcimexico.com\/1\/wp-json\/wp\/v2\/pages"}],"about":[{"href":"https:\/\/pcimexico.com\/1\/wp-json\/wp\/v2\/types\/page"}],"author":[{"embeddable":true,"href":"https:\/\/pcimexico.com\/1\/wp-json\/wp\/v2\/users\/1"}],"replies":[{"embeddable":true,"href":"https:\/\/pcimexico.com\/1\/wp-json\/wp\/v2\/comments?post=1771"}],"version-history":[{"count":6,"href":"https:\/\/pcimexico.com\/1\/wp-json\/wp\/v2\/pages\/1771\/revisions"}],"predecessor-version":[{"id":1785,"href":"https:\/\/pcimexico.com\/1\/wp-json\/wp\/v2\/pages\/1771\/revisions\/1785"}],"wp:attachment":[{"href":"https:\/\/pcimexico.com\/1\/wp-json\/wp\/v2\/media?parent=1771"}],"curies":[{"name":"wp","href":"https:\/\/api.w.org\/{rel}","templated":true}]}}