{"id":17,"date":"2017-06-10T08:25:36","date_gmt":"2017-06-10T08:25:36","guid":{"rendered":"http:\/\/xtratheme.com\/business\/?page_id=8"},"modified":"2022-06-23T11:13:46","modified_gmt":"2022-06-23T18:13:46","slug":"services","status":"publish","type":"page","link":"https:\/\/pcimexico.com\/1\/services\/","title":{"rendered":"Servicios"},"content":{"rendered":"<div class=\"wpb-content-wrapper\"><p>[vc_row][vc_column]<div class=\"cz_gap clr  hide_on_mobile\" style=\"height: 75px\"><\/div><div class=\"cz_gap show_on_mobile clr\" style=\"height: 0px\"><\/div>[\/vc_column][\/vc_row][vc_row][vc_column]<div id=\"cz_37513\" class=\"cz_37513 cz_title clr cz_title_pos_inline tac\"><div class=\"cz_title_shape shape_text cz_shape_1\">SERVICIOS<\/div><div class=\"cz_title_content\"><div class=\"cz_wpe_content\"><h3 style=\"text-align: center;\"><span style=\"font-size: 24px; font-weight: 400; color: #f35b39;\">QUE PODEMOS HACER POR TI<\/span><\/h3>\n<\/div><\/div><\/div><div id=\"cz_104171\" class=\"cz_104171 cz_title clr cz_smart_fs cz_title_pos_inline tac\"><div class=\"cz_title_content\"><div class=\"cz_wpe_content\"><h3 style=\"text-align: center;\"><span style=\"font-size: 50px;\">\u00a0servicios PCI Mexico<\/span><\/h3>\n<\/div><\/div><\/div><div class=\"cz_gap clr  hide_on_tablet hide_on_mobile\" style=\"height: 150px\"><\/div><div class=\"cz_gap show_on_tablet clr \" style=\"height: 100px\"><\/div>[\/vc_column][\/vc_row][vc_row full_width=\u00bbstretch_row\u00bb css=\u00bb.vc_custom_1578910116726{margin-bottom: 100px !important;background: #243344 url(https:\/\/pcimexico.com\/1\/wp-content\/uploads\/2020\/01\/row-bg.jpg?id=1303) !important;background-position: center !important;background-repeat: no-repeat !important;background-size: cover !important;}\u00bb][vc_column]<div class=\"cz_gap clr  hide_on_tablet hide_on_mobile\" style=\"height: 150px\"><\/div><div class=\"cz_gap show_on_tablet clr \" style=\"height: 175px\"><\/div>[vc_row_inner][vc_column_inner width=\u00bb1\/2&#8243;]<div id=\"cz_61567\" class=\"cz_61567 cz_title clr cz_smart_fs cz_mobile_text_center cz_title_pos_inline\"><div class=\"cz_title_content\"><div class=\"cz_wpe_content\"><h3 style=\"text-align: left;\"><span style=\"font-size: 24px; font-weight: 400; color: #f35b39;\">SERVICIOS DE PCIMEXICO<\/span><\/h3>\n<\/div><\/div><\/div><div id=\"cz_14961\" class=\"cz_14961 cz_title clr cz_smart_fs cz_mobile_text_center cz_title_pos_inline\"><div class=\"cz_title_content\"><div class=\"cz_wpe_content\"><h3><span style=\"font-size: 50px; color: #ffffff;\">Sabemos cu\u00e1les son tus necesidades<\/span><\/h3>\n<\/div><\/div><\/div><div class=\"cz_gap clr  hide_on_tablet hide_on_mobile\" style=\"height: 0px\"><\/div><div class=\"cz_gap show_on_tablet clr \" style=\"height: 75px\"><\/div>[\/vc_column_inner][vc_column_inner width=\u00bb1\/2&#8243;]<div id=\"cz_53788\" class=\"cz_53788 cz_title clr cz_mobile_text_center cz_title_pos_inline\"><div class=\"cz_title_content\"><div class=\"cz_wpe_content\"><p><span style=\"font-size: 20px; color: #bfbfbf;\">PCI M\u00e9xico cuenta con amplia experiencia y personal especializado en las \u00e1reas m\u00e1s importantes del mantenimiento y la construcci\u00f3n comercial. La garant\u00eda en el excelente servicio y calidad.<\/span><\/p>\n<\/div><\/div><\/div>[\/vc_column_inner][\/vc_row_inner]<div class=\"cz_gap clr  hide_on_mobile\" style=\"height: 125px\"><\/div><div class=\"cz_gap show_on_mobile clr\" style=\"height: 75px\"><\/div>[vc_row_inner][vc_column_inner width=\u00bb1\/3&#8243;]<div class=\"cz_eqh cz_content_box_parent_fx  \"><div id=\"cz_78068\" class=\"cz_78068 cz_content_box clr fx_backed_bend_in cz_box_back_pos_ml cz_box_backed\"><div class=\"cz_box_front clr\"><div class=\"cz_box_front_inner clr \"><span><\/span><div><div id=\"cz_14176\" class=\"cz_14176 cz_title clr cz_title_has_bg cz_title_pos_block\"><a href=\"https:\/\/pcimexico.com\/1\/construccion\/\" title=\"Construcci\u00f3n\"><div class=\"cz_title_shape shape_icon cz_shape_1\"><i class=\"fas fa-chevron-up\"><\/i><\/div><div class=\"cz_title_content\"><div class=\"cz_wpe_content\"><h3><span style=\"font-size: 24px; font-weight: 500;\">Construcci\u00f3n<\/span><\/h3>\n<\/div><\/div><\/a><\/div><\/div><\/div><\/div><div class=\"cz_box_back clr\">\n\t\t\t\t<div class=\"cz_box_back_inner clr\">\n\t\t\t\t\t<div>\n\t\t\t\t\t\t<div class=\"cz_box_back_inner_position\">\n\t\t\t\t\t\t\t<div class=\"cz_box_back_title\">Construcci\u00f3n<\/div>\n\t\t\t\t\t\t\t<div class=\"cz_box_back_content\">Desarrollamos cualquier proyecto Industrial, Comercial y Residencial.<\/div>\n\t\t\t\t\t\t\t<a class=\"cz_box_back_btn\" href=\"https:\/\/pcimexico.com\/1\/construccion\/\" title=\"Construcci\u00f3n\">Ver mas ...<\/a>\n\t\t\t\t\t\t<\/div>\n\t\t\t\t\t<\/div>\n\t\t\t\t<\/div>\n\t\t\t<\/div><\/div><\/div><div class=\"cz_gap show_on_tablet clr \" style=\"height: 150px\"><\/div>[\/vc_column_inner][vc_column_inner width=\u00bb1\/3&#8243;]<div class=\"cz_eqh cz_content_box_parent_fx  \"><div id=\"cz_34999\" class=\"cz_34999 cz_content_box clr fx_backed_bend_in cz_box_back_pos_ml cz_box_backed\"><div class=\"cz_box_front clr\"><div class=\"cz_box_front_inner clr \"><span><\/span><div><div id=\"cz_77889\" class=\"cz_77889 cz_title clr cz_title_has_bg cz_title_pos_block\"><div class=\"cz_title_shape shape_icon cz_shape_1\"><i class=\"fas fa-chevron-up\"><\/i><\/div><div class=\"cz_title_content\"><div class=\"cz_wpe_content\"><h3><span style=\"font-size: 24px; font-weight: 500;\">Mantenimiento<\/span><\/h3>\n<\/div><\/div><\/div><\/div><\/div><\/div><div class=\"cz_box_back clr\">\n\t\t\t\t<div class=\"cz_box_back_inner clr\">\n\t\t\t\t\t<div>\n\t\t\t\t\t\t<div class=\"cz_box_back_inner_position\">\n\t\t\t\t\t\t\t<div class=\"cz_box_back_title\">Mantenimiento<\/div>\n\t\t\t\t\t\t\t<div class=\"cz_box_back_content\">Nuestras cuadrillas tienen amplia experiencia en cualquier \u00e1rea de tu empresa.<\/div>\n\t\t\t\t\t\t\t<a class=\"cz_box_back_btn\" href=\"https:\/\/pcimexico.com\/1\/mantenimiento\/\" title=\"Mantenimiento\">Saber m\u00e1s ...<\/a>\n\t\t\t\t\t\t<\/div>\n\t\t\t\t\t<\/div>\n\t\t\t\t<\/div>\n\t\t\t<\/div><\/div><\/div><div class=\"cz_gap show_on_tablet clr \" style=\"height: 150px\"><\/div>[\/vc_column_inner][vc_column_inner width=\u00bb1\/3&#8243;]<div class=\"cz_eqh cz_content_box_parent_fx  \"><div id=\"cz_96309\" class=\"cz_96309 cz_content_box clr fx_backed_bend_in cz_box_back_pos_ml cz_box_backed\"><div class=\"cz_box_front clr\"><div class=\"cz_box_front_inner clr \"><span><\/span><div><div id=\"cz_78247\" class=\"cz_78247 cz_title clr cz_title_has_bg cz_title_pos_block\"><div class=\"cz_title_shape shape_icon cz_shape_1\"><i class=\"fas fa-chevron-up\"><\/i><\/div><div class=\"cz_title_content\"><div class=\"cz_wpe_content\"><h3><span style=\"font-size: 24px; font-weight: 500;\">Contenedores<\/span><\/h3>\n<\/div><\/div><\/div><div class=\"cz_gap show_on_tablet clr \" style=\"height: 150px\"><\/div><\/div><\/div><\/div><div class=\"cz_box_back clr\">\n\t\t\t\t<div class=\"cz_box_back_inner clr\">\n\t\t\t\t\t<div>\n\t\t\t\t\t\t<div class=\"cz_box_back_inner_position\">\n\t\t\t\t\t\t\t<div class=\"cz_box_back_title\">Contenedores<\/div>\n\t\t\t\t\t\t\t<div class=\"cz_box_back_content\">Construcci\u00f3n sustentable, durable y moderna para cualquier proyecto.<\/div>\n\t\t\t\t\t\t\t<a class=\"cz_box_back_btn\" href=\"https:\/\/pcimexico.com\/1\/contenedores\/\" title=\"Contenedores\">Saber mas ...<\/a>\n\t\t\t\t\t\t<\/div>\n\t\t\t\t\t<\/div>\n\t\t\t\t<\/div>\n\t\t\t<\/div><\/div><\/div>[\/vc_column_inner][\/vc_row_inner][\/vc_column][\/vc_row][vc_row][vc_column]<div class=\"cz_gap clr  hide_on_tablet hide_on_mobile\" style=\"height: 150px\"><\/div><div class=\"cz_gap show_on_tablet clr \" style=\"height: 100px\"><\/div>[\/vc_column][\/vc_row][vc_row][vc_column]<div id=\"cz_65329\" class=\"cz_65329 cz_title clr cz_title_pos_inline tac\"><div class=\"cz_title_shape shape_text cz_shape_1\">BIENES RAICES<\/div><div class=\"cz_title_content\"><div class=\"cz_wpe_content\"><h3 style=\"text-align: center;\"><span style=\"font-size: 24px; font-weight: 400; color: #f35b39;\">OTROS SERVICIOS DE PCI MEXICO<\/span><\/h3>\n<\/div><\/div><\/div><div id=\"cz_69360\" class=\"cz_69360 cz_title clr cz_smart_fs cz_title_pos_inline tac\"><div class=\"cz_title_content\"><div class=\"cz_wpe_content\"><h3 style=\"text-align: center;\"><span style=\"font-size: 50px;\">Contamos con servicio de&#8230;<\/span><\/h3>\n<\/div><\/div><\/div><div class=\"cz_gap clr  hide_on_tablet hide_on_mobile\" style=\"height: 250px\"><\/div><div class=\"cz_gap show_on_tablet clr \" style=\"height: 200px\"><\/div>[\/vc_column][\/vc_row][vc_row full_width=\u00bbstretch_row\u00bb css=\u00bb.vc_custom_1579677610492{background-color: #f35b39 !important;}\u00bb][vc_column][vc_row_inner css=\u00bb.vc_custom_1578941601952{margin-top: -175px !important;}\u00bb][vc_column_inner]<div class=\"xtra-service-box-hover fx_bob_hover\"><div id=\"cz_12371\" class=\"cz_12371 services clr style11 cz_sbi_fx_2 services_b\"><div class=\"service_img\"><img decoding=\"async\" width=\"362\" height=\"270\" src=\"data:image\/svg+xml,%3Csvg%20xmlns%3D&#39;http%3A%2F%2Fwww.w3.org%2F2000%2Fsvg&#39;%20width=&#39;362&#39;%20height=&#39;270&#39;%20viewBox%3D&#39;0%200%20362%20270&#39;%2F%3E\" data-czlz data-src=\"https:\/\/pcimexico.com\/1\/wp-content\/uploads\/2022\/06\/5.png\" class=\"service-icon attachment-full\" alt=\"\" title=\"5\" data-srcset=\"https:\/\/pcimexico.com\/1\/wp-content\/uploads\/2022\/06\/5.png 362w, https:\/\/pcimexico.com\/1\/wp-content\/uploads\/2022\/06\/5-300x224.png 300w, https:\/\/pcimexico.com\/1\/wp-content\/uploads\/2022\/06\/5-360x270.png 360w\" data-sizes=\"(max-width: 362px) 100vw, 362px\" \/><\/div><div class=\"service_text\"><h3>inmobiliaria<\/h3><div class=\"cz_wpe_content\">La propiedad que buscas en venta, compra o renta la tenemos.<\/div><a href=\"#\" class=\"cz_btn xtra-service-btn-center\">Leer m\u00e1s...<\/a><\/div><\/div><\/div>[\/vc_column_inner][\/vc_row_inner]<div class=\"cz_gap clr \" style=\"height: 75px\"><\/div>[\/vc_column][\/vc_row][vc_row][vc_column width=\u00bb1\/2&#8243;]<div class=\"cz_eqh cz_content_box_parent_fx  \"><div id=\"cz_24954\" class=\"cz_24954 cz_content_box clr\"><div class=\"cz_box_front clr\"><div class=\"cz_box_front_inner clr cz_content_box_full_before\"><span><\/span><div><div class=\"cz_gap clr  hide_on_tablet hide_on_mobile\" style=\"height: 100px\"><\/div><div class=\"cz_gap show_on_tablet clr \" style=\"height: 50px\"><\/div><div id=\"cz_98937\" class=\"cz_98937 cz_title clr cz_mobile_text_center cz_title_pos_inline\"><div class=\"cz_title_shape shape_text cz_shape_1\">COTIZA<\/div><div class=\"cz_title_content\"><div class=\"cz_wpe_content\"><h3><span style=\"font-size: 24px; font-weight: 400; color: #f35b39;\">\u00bfINTERESADO EN LA CONSTRUCCI\u00d3N?<\/span><\/h3>\n<\/div><\/div><\/div><div id=\"cz_96653\" class=\"cz_96653 cz_title clr cz_smart_fs cz_mobile_text_center cz_title_pos_inline\"><div class=\"cz_title_content\"><div class=\"cz_wpe_content\"><h3><span style=\"font-size: 50px;\">Solicite una cotizaci\u00f3n gratuita y justa<\/span><\/h3>\n<\/div><\/div><\/div><div class=\"cz_gap clr \" style=\"height: 50px\"><\/div><div id=\"cz_63953\" class=\"cz_63953 cz_title clr cz_mobile_text_center cz_title_pos_inline\"><div class=\"cz_title_content\"><div class=\"cz_wpe_content\"><p class=\"first_para\"><span style=\"color: #666666;\">PCI M\u00e9xico cuenta con amplia experiencia y personal especializado en las \u00e1reas m\u00e1s importantes del mantenimiento y la construcci\u00f3n comercial. La garant\u00eda en el excelente servicio y calidad podemos brindarla en los servicios tales como:<\/span><\/p>\n<p>&#8211; INSTALACIONES EL\u00c9CTRICAS<br \/>\n-OBRA CIVIL<br \/>\n-AIRE ACONDICIONADO<\/p>\n<\/div><\/div><\/div><div class=\"cz_gap clr  hide_on_tablet hide_on_mobile\" style=\"height: 75px\"><\/div><div class=\"cz_gap show_on_tablet clr \" style=\"height: 25px\"><\/div><\/div><\/div><\/div><\/div><\/div>[\/vc_column][vc_column width=\u00bb1\/2&#8243;]<div class=\"cz_eqh cz_content_box_parent_fx  \"><div id=\"cz_79477\" class=\"cz_79477 cz_content_box clr\"><div class=\"cz_box_front clr\"><div class=\"cz_box_front_inner clr \"><span><\/span><div><div id=\"cz_108171\" class=\"cz_108171 cz_cf7 clr\"><div>\n<div class=\"wpcf7 no-js\" id=\"wpcf7-f213-o1\" lang=\"en-US\" dir=\"ltr\" data-wpcf7-id=\"213\">\n<div class=\"screen-reader-response\"><p role=\"status\" aria-live=\"polite\" aria-atomic=\"true\"><\/p> <ul><\/ul><\/div>\n<form action=\"\/1\/wp-json\/wp\/v2\/pages\/17#wpcf7-f213-o1\" method=\"post\" class=\"wpcf7-form init\" aria-label=\"Contact form\" novalidate=\"novalidate\" data-status=\"init\">\n<fieldset class=\"hidden-fields-container\"><input type=\"hidden\" name=\"_wpcf7\" value=\"213\" \/><input type=\"hidden\" name=\"_wpcf7_version\" value=\"6.1.5\" \/><input type=\"hidden\" name=\"_wpcf7_locale\" value=\"en_US\" \/><input type=\"hidden\" name=\"_wpcf7_unit_tag\" value=\"wpcf7-f213-o1\" \/><input type=\"hidden\" name=\"_wpcf7_container_post\" value=\"0\" \/><input type=\"hidden\" name=\"_wpcf7_posted_data_hash\" value=\"\" \/>\n<\/fieldset>\n<p><label> Nombre (required)<br \/>\n<span class=\"wpcf7-form-control-wrap\" data-name=\"your-name\"><input size=\"40\" maxlength=\"400\" class=\"wpcf7-form-control wpcf7-text wpcf7-validates-as-required\" aria-required=\"true\" aria-invalid=\"false\" value=\"\" type=\"text\" name=\"your-name\" \/><\/span> <\/label>\n<\/p>\n<p><label> Tel\u00e9fono(required)<br \/>\n<span class=\"wpcf7-form-control-wrap\" data-name=\"tel-174\"><input size=\"40\" maxlength=\"400\" class=\"wpcf7-form-control wpcf7-tel wpcf7-validates-as-required wpcf7-text wpcf7-validates-as-tel\" aria-required=\"true\" aria-invalid=\"false\" value=\"\" type=\"tel\" name=\"tel-174\" \/><\/span> <\/label>\n<\/p>\n<p><label> Email (required)<br \/>\n<span class=\"wpcf7-form-control-wrap\" data-name=\"your-email\"><input size=\"40\" maxlength=\"400\" class=\"wpcf7-form-control wpcf7-email wpcf7-validates-as-required wpcf7-text wpcf7-validates-as-email\" aria-required=\"true\" aria-invalid=\"false\" value=\"\" type=\"email\" name=\"your-email\" \/><\/span> <\/label>\n<\/p>\n<p><label> Asunto<br \/>\n<span class=\"wpcf7-form-control-wrap\" data-name=\"your-subject\"><input size=\"40\" maxlength=\"400\" class=\"wpcf7-form-control wpcf7-text\" aria-invalid=\"false\" value=\"\" type=\"text\" name=\"your-subject\" \/><\/span> <\/label>\n<\/p>\n<p><label> Departamento<br \/>\n<span class=\"wpcf7-form-control-wrap\" data-name=\"menu-178\"><select class=\"wpcf7-form-control wpcf7-select\" aria-invalid=\"false\" name=\"menu-178\"><option value=\"Construcci\u00f3n\">Construcci\u00f3n<\/option><option value=\"Mantenimiento\">Mantenimiento<\/option><option value=\"Contenedores\">Contenedores<\/option><option value=\"Otros\">Otros<\/option><\/select><\/span> <\/label>\n<\/p>\n<p><label> Mensaje<br \/>\n<span class=\"wpcf7-form-control-wrap\" data-name=\"your-message\"><textarea cols=\"40\" rows=\"10\" maxlength=\"2000\" class=\"wpcf7-form-control wpcf7-textarea\" aria-invalid=\"false\" name=\"your-message\"><\/textarea><\/span> <\/label>\n<\/p>\n<p><input class=\"wpcf7-form-control wpcf7-submit has-spinner\" type=\"submit\" value=\"Enviar\" \/>\n<\/p><p style=\"display: none !important;\" class=\"akismet-fields-container\" data-prefix=\"_wpcf7_ak_\"><label>&#916;<textarea name=\"_wpcf7_ak_hp_textarea\" cols=\"45\" rows=\"8\" maxlength=\"100\"><\/textarea><\/label><input type=\"hidden\" id=\"ak_js_1\" name=\"_wpcf7_ak_js\" value=\"144\"\/><script>\ndocument.getElementById( \"ak_js_1\" ).setAttribute( \"value\", ( new Date() ).getTime() );\n<\/script>\n<\/p><div class=\"wpcf7-response-output\" aria-hidden=\"true\"><\/div>\n<\/form>\n<\/div>\n<\/div><\/div><\/div><\/div><\/div><\/div><\/div>[\/vc_column][\/vc_row][vc_row][vc_column]<div class=\"cz_gap clr  hide_on_tablet hide_on_mobile\" style=\"height: 150px\"><\/div><div class=\"cz_gap show_on_tablet clr \" style=\"height: 50px\"><\/div>[\/vc_column][\/vc_row][vc_row full_width=\u00bbstretch_row\u00bb css=\u00bb.vc_custom_1579693957621{background-color: #243344 !important;}\u00bb][vc_column]<div class=\"cz_eqh cz_content_box_parent_fx  \"><div id=\"cz_64726\" class=\"cz_64726 cz_content_box clr\"><div class=\"cz_box_front clr\"><div class=\"cz_box_front_inner clr \"><span><\/span><div><div id=\"cz_24025\" class=\"cz_24025 cz_image clr cz_image_no_fx center_on_mobile\"><div class=\"\" ><div class=\"cz_image_in\"><div class=\"cz_main_image\"><img decoding=\"async\" width=\"1004\" height=\"192\" src=\"data:image\/svg+xml,%3Csvg%20xmlns%3D&#39;http%3A%2F%2Fwww.w3.org%2F2000%2Fsvg&#39;%20width=&#39;1004&#39;%20height=&#39;192&#39;%20viewBox%3D&#39;0%200%201004%20192&#39;%2F%3E\" data-czlz data-src=\"https:\/\/pcimexico.com\/1\/wp-content\/uploads\/2022\/06\/bandalogos.png\" class=\"attachment-full\" alt=\"\" title=\"bandalogos\" data-srcset=\"https:\/\/pcimexico.com\/1\/wp-content\/uploads\/2022\/06\/bandalogos.png 1004w, https:\/\/pcimexico.com\/1\/wp-content\/uploads\/2022\/06\/bandalogos-300x57.png 300w, https:\/\/pcimexico.com\/1\/wp-content\/uploads\/2022\/06\/bandalogos-768x147.png 768w, https:\/\/pcimexico.com\/1\/wp-content\/uploads\/2022\/06\/bandalogos-600x115.png 600w\" data-sizes=\"(max-width: 1004px) 100vw, 1004px\" \/><\/div><\/div><\/div><\/div><\/div><\/div><\/div><\/div><\/div>[\/vc_column][\/vc_row]<\/p>\n<\/div>","protected":false},"excerpt":{"rendered":"<p>[vc_row][vc_column][\/vc_column][\/vc_row][vc_row][vc_column][\/vc_column][\/vc_row][vc_row full_width=\u00bbstretch_row\u00bb css=\u00bb.vc_custom_1578910116726{margin-bottom: 100px !important;background: #243344 url(https:\/\/pcimexico.com\/1\/wp-content\/uploads\/2020\/01\/row-bg.jpg?id=1303) !important;background-position: center !important;background-repeat: no-repeat &#8230; <\/p>\n","protected":false},"author":1,"featured_media":0,"parent":0,"menu_order":0,"comment_status":"closed","ping_status":"closed","template":"","meta":{"footnotes":""},"class_list":["post-17","page","type-page","status-publish","hentry"],"_links":{"self":[{"href":"https:\/\/pcimexico.com\/1\/wp-json\/wp\/v2\/pages\/17","targetHints":{"allow":["GET"]}}],"collection":[{"href":"https:\/\/pcimexico.com\/1\/wp-json\/wp\/v2\/pages"}],"about":[{"href":"https:\/\/pcimexico.com\/1\/wp-json\/wp\/v2\/types\/page"}],"author":[{"embeddable":true,"href":"https:\/\/pcimexico.com\/1\/wp-json\/wp\/v2\/users\/1"}],"replies":[{"embeddable":true,"href":"https:\/\/pcimexico.com\/1\/wp-json\/wp\/v2\/comments?post=17"}],"version-history":[{"count":12,"href":"https:\/\/pcimexico.com\/1\/wp-json\/wp\/v2\/pages\/17\/revisions"}],"predecessor-version":[{"id":1818,"href":"https:\/\/pcimexico.com\/1\/wp-json\/wp\/v2\/pages\/17\/revisions\/1818"}],"wp:attachment":[{"href":"https:\/\/pcimexico.com\/1\/wp-json\/wp\/v2\/media?parent=17"}],"curies":[{"name":"wp","href":"https:\/\/api.w.org\/{rel}","templated":true}]}}